{"id":738,"date":"2021-02-15T09:40:27","date_gmt":"2021-02-15T09:40:27","guid":{"rendered":"https:\/\/medecinetao.com\/?page_id=738"},"modified":"2025-02-23T08:09:56","modified_gmt":"2025-02-23T08:09:56","slug":"atelier-meditation","status":"publish","type":"page","link":"https:\/\/medecinetao.com\/?page_id=738","title":{"rendered":"Atelier m\u00e9ditation"},"content":{"rendered":"\t\t<div data-elementor-type=\"wp-page\" data-elementor-id=\"738\" class=\"elementor elementor-738\" data-elementor-settings=\"[]\">\n\t\t\t\t\t\t\t<div class=\"elementor-section-wrap\">\n\t\t\t\t\t\t\t<section class=\"elementor-section elementor-top-section elementor-element elementor-element-49850fe elementor-section-boxed elementor-section-height-default elementor-section-height-default\" data-id=\"49850fe\" data-element_type=\"section\">\n\t\t\t\t\t\t<div class=\"elementor-container elementor-column-gap-default\">\n\t\t\t\t\t<div class=\"elementor-column elementor-col-100 elementor-top-column elementor-element elementor-element-ec5d781\" data-id=\"ec5d781\" data-element_type=\"column\">\n\t\t\t<div class=\"elementor-widget-wrap elementor-element-populated\">\n\t\t\t\t\t\t\t\t<div class=\"elementor-element elementor-element-5104ef8 elementor-widget elementor-widget-image\" data-id=\"5104ef8\" data-element_type=\"widget\" data-widget_type=\"image.default\">\n\t\t\t\t<div class=\"elementor-widget-container\">\n\t\t\t\t\t<div class=\"elementor-image\">\n\t\t\t\t\t\t\t\t\t\t<img loading=\"lazy\" decoding=\"async\" width=\"300\" height=\"193\" src=\"https:\/\/i0.wp.com\/medecinetao.com\/wp-content\/uploads\/2021\/02\/amanbagh-meditation-india-670x430-1.jpg?fit=300%2C193&amp;ssl=1\" class=\"attachment-medium size-medium\" alt=\"\" srcset=\"https:\/\/i0.wp.com\/medecinetao.com\/wp-content\/uploads\/2021\/02\/amanbagh-meditation-india-670x430-1.jpg?w=670&amp;ssl=1 670w, https:\/\/i0.wp.com\/medecinetao.com\/wp-content\/uploads\/2021\/02\/amanbagh-meditation-india-670x430-1.jpg?resize=300%2C193&amp;ssl=1 300w, https:\/\/i0.wp.com\/medecinetao.com\/wp-content\/uploads\/2021\/02\/amanbagh-meditation-india-670x430-1.jpg?resize=93%2C60&amp;ssl=1 93w\" sizes=\"auto, (max-width: 300px) 100vw, 300px\" \/>\t\t\t\t\t\t\t\t\t\t\t<\/div>\n\t\t\t\t<\/div>\n\t\t\t\t<\/div>\n\t\t\t\t\t<\/div>\n\t\t<\/div>\n\t\t\t\t\t\t\t<\/div>\n\t\t<\/section>\n\t\t\t\t<section class=\"elementor-section elementor-top-section elementor-element elementor-element-1d0981f elementor-section-boxed elementor-section-height-default elementor-section-height-default\" data-id=\"1d0981f\" data-element_type=\"section\">\n\t\t\t\t\t\t<div class=\"elementor-container elementor-column-gap-default\">\n\t\t\t\t\t<div class=\"elementor-column elementor-col-100 elementor-top-column elementor-element elementor-element-0c16981\" data-id=\"0c16981\" data-element_type=\"column\">\n\t\t\t<div class=\"elementor-widget-wrap elementor-element-populated\">\n\t\t\t\t\t\t\t\t<div class=\"elementor-element elementor-element-eb715e0 elementor-widget elementor-widget-text-editor\" data-id=\"eb715e0\" data-element_type=\"widget\" data-widget_type=\"text-editor.default\">\n\t\t\t\t<div class=\"elementor-widget-container\">\n\t\t\t\t\t<div class=\"elementor-text-editor elementor-clearfix\"><p>Il existe diff\u00e9rentes voies menant \u00e0 la m\u00e9ditation. Dans les s\u00e9ances propos\u00e9es, la m\u00e9ditation est toujours pr\u00e9par\u00e9e, facilit\u00e9e, coh\u00e9rente et donc efficiente.<\/p><p>Les s\u00e9ances, peuvent en fonction du contexte, \u00eatre orient\u00e9es vers des m\u00e9ditations avec \u00ab\u00a0forme\u00a0\u00bb et visualisations ou vers des m\u00e9ditations sans \u00ab\u00a0forme\u00a0\u00bb, dans le silence. Souvent les 2 orientions se conjuguent. Et plus pr\u00e9cis\u00e9ment, sur les ateliers et stages, la pratique est pleinement sur une voie m\u00e9ditative qui renvoie au \u00ab\u00a0Chan\u00a0\u00bb\u00a0: fusion de pratiques tao\u00efstes et bouddhistes qui donneront le Zen au Japon\u00a0: <a href=\"https:\/\/fr.wikipedia.org\/wiki\/Ch\u00e1n_(bouddhisme)\">https:\/\/fr.wikipedia.org\/wiki\/Ch%C3%A1n_(bouddhisme)<\/a><\/p><p>\u00a0<\/p><p>Lors de la pratique m\u00e9ditative, on observe une diminution\u00a0:<\/p><ul><li>de la consommation d\u2019oxyg\u00e8ne,<\/li><li>du rythme cardiaque,<\/li><li>du rythme respiratoire,<\/li><li>de la pression sanguine.<\/li><\/ul><p>\u00a0<\/p><p><strong>En cons\u00e9quence, les bienfaits de la m\u00e9ditation sont nombreux :<\/strong><\/p><p>\u2013 am\u00e9lioration de la circulation du sang,<\/p><p>\u2013 r\u00e9gulation de la tension art\u00e9rielle,<\/p><p>\u2013 diminution du stress musculaire,<\/p><p>\u2013 meilleure aptitude \u00e0 la concentration,<\/p><p>\u2013 am\u00e9lioration de la m\u00e9moire,<\/p><p>\u2013 meilleur sommeil,<\/p><p>\u2013 am\u00e9lioration de la capacit\u00e9 d\u2019auto gu\u00e9rison dans de nombreux troubles chroniques.<\/p><p>\u00a0<\/p><p>Communiqu\u00e9 \u2013 Salle de Presse Inserm <a href=\"https:\/\/presse.inserm.fr\/et-si-la-meditation-permettait-de-mieux-vieillir\/30155\/\">Et si la m\u00e9ditation permettait de mieux vieillir ?<\/a><\/p><p><strong>Lien :<\/strong> <a href=\"https:\/\/presse.inserm.fr\/et-si-la-meditation-permettait-de-mieux-vieillir\/30155\/\">https:\/\/presse.inserm.fr\/et-si-la-meditation-permettait-de-mieux-vieillir\/30155\/<\/a><\/p><p>\u00a0<\/p><p>\u00a0<\/p><p>\u00a0<\/p><\/div>\n\t\t\t\t<\/div>\n\t\t\t\t<\/div>\n\t\t\t\t\t<\/div>\n\t\t<\/div>\n\t\t\t\t\t\t\t<\/div>\n\t\t<\/section>\n\t\t\t\t<section class=\"elementor-section elementor-top-section elementor-element elementor-element-d3ec81f elementor-section-boxed elementor-section-height-default elementor-section-height-default\" data-id=\"d3ec81f\" data-element_type=\"section\">\n\t\t\t\t\t\t<div class=\"elementor-container elementor-column-gap-default\">\n\t\t\t\t\t<div class=\"elementor-column elementor-col-100 elementor-top-column elementor-element elementor-element-30aa0af\" data-id=\"30aa0af\" data-element_type=\"column\">\n\t\t\t<div class=\"elementor-widget-wrap elementor-element-populated\">\n\t\t\t\t\t\t\t\t<div class=\"elementor-element elementor-element-62dc074 elementor-widget elementor-widget-text-editor\" data-id=\"62dc074\" data-element_type=\"widget\" data-widget_type=\"text-editor.default\">\n\t\t\t\t<div class=\"elementor-widget-container\">\n\t\t\t\t\t<div class=\"elementor-text-editor elementor-clearfix\"><p><strong><a href=\"https:\/\/medecinetao.com\/wp-content\/uploads\/2021\/08\/Art-meditation-bienfaits.pdf\">Art meditation bienfaits<\/a> : Article \u00e0 lire concernant les r\u00e9sultats de tests et recherches sur la m\u00e9ditation&nbsp;<\/strong><\/p><\/div>\n\t\t\t\t<\/div>\n\t\t\t\t<\/div>\n\t\t\t\t\t<\/div>\n\t\t<\/div>\n\t\t\t\t\t\t\t<\/div>\n\t\t<\/section>\n\t\t\t\t<section class=\"elementor-section elementor-top-section elementor-element elementor-element-70e8b0b elementor-section-boxed elementor-section-height-default elementor-section-height-default\" data-id=\"70e8b0b\" data-element_type=\"section\">\n\t\t\t\t\t\t<div class=\"elementor-container elementor-column-gap-default\">\n\t\t\t\t\t<div class=\"elementor-column elementor-col-100 elementor-top-column elementor-element elementor-element-ec8d672\" data-id=\"ec8d672\" data-element_type=\"column\">\n\t\t\t<div class=\"elementor-widget-wrap elementor-element-populated\">\n\t\t\t\t\t\t\t\t<div class=\"elementor-element elementor-element-1c89be0 elementor-widget elementor-widget-image\" data-id=\"1c89be0\" data-element_type=\"widget\" data-widget_type=\"image.default\">\n\t\t\t\t<div class=\"elementor-widget-container\">\n\t\t\t\t\t<div class=\"elementor-image\">\n\t\t\t\t\t\t\t\t\t\t\t<a href=\"http:\/\/qi-gong-shen.com\/la-meditation-taoiste-chan\/\" target=\"_blank\">\n\t\t\t\t\t\t\t<img loading=\"lazy\" decoding=\"async\" width=\"300\" height=\"251\" src=\"https:\/\/i1.wp.com\/medecinetao.com\/wp-content\/uploads\/2021\/08\/meditation-chan.jpeg?fit=300%2C251&amp;ssl=1\" class=\"attachment-medium size-medium\" alt=\"\" srcset=\"https:\/\/i1.wp.com\/medecinetao.com\/wp-content\/uploads\/2021\/08\/meditation-chan.jpeg?w=730&amp;ssl=1 730w, https:\/\/i1.wp.com\/medecinetao.com\/wp-content\/uploads\/2021\/08\/meditation-chan.jpeg?resize=300%2C251&amp;ssl=1 300w, https:\/\/i1.wp.com\/medecinetao.com\/wp-content\/uploads\/2021\/08\/meditation-chan.jpeg?resize=72%2C60&amp;ssl=1 72w\" sizes=\"auto, (max-width: 300px) 100vw, 300px\" \/>\t\t\t\t\t\t\t\t<\/a>\n\t\t\t\t\t\t\t\t\t\t\t<\/div>\n\t\t\t\t<\/div>\n\t\t\t\t<\/div>\n\t\t\t\t\t<\/div>\n\t\t<\/div>\n\t\t\t\t\t\t\t<\/div>\n\t\t<\/section>\n\t\t\t\t<section class=\"elementor-section elementor-top-section elementor-element elementor-element-44bcb63 elementor-section-boxed elementor-section-height-default elementor-section-height-default\" data-id=\"44bcb63\" data-element_type=\"section\">\n\t\t\t\t\t\t<div class=\"elementor-container elementor-column-gap-default\">\n\t\t\t\t\t<div class=\"elementor-column elementor-col-100 elementor-top-column elementor-element elementor-element-a0fef9e\" data-id=\"a0fef9e\" data-element_type=\"column\">\n\t\t\t<div class=\"elementor-widget-wrap elementor-element-populated\">\n\t\t\t\t\t\t\t\t<div class=\"elementor-element elementor-element-819a935 elementor-widget elementor-widget-text-editor\" data-id=\"819a935\" data-element_type=\"widget\" data-widget_type=\"text-editor.default\">\n\t\t\t\t<div class=\"elementor-widget-container\">\n\t\t\t\t\t<div class=\"elementor-text-editor elementor-clearfix\"><p><strong>Tarifs<\/strong> : 35 \u20ac l\u2019atelier \u2013 Les 7 ateliers : 200 \u20ac&nbsp; soit 45 \u20ac de remise = 28 \u20ac l\u2019atelier<\/p><\/div>\n\t\t\t\t<\/div>\n\t\t\t\t<\/div>\n\t\t\t\t\t<\/div>\n\t\t<\/div>\n\t\t\t\t\t\t\t<\/div>\n\t\t<\/section>\n\t\t\t\t<section class=\"elementor-section elementor-top-section elementor-element elementor-element-a7a766c elementor-section-boxed elementor-section-height-default elementor-section-height-default\" data-id=\"a7a766c\" data-element_type=\"section\">\n\t\t\t\t\t\t<div class=\"elementor-container elementor-column-gap-default\">\n\t\t\t\t\t<div class=\"elementor-column elementor-col-100 elementor-top-column elementor-element elementor-element-206d5ef\" data-id=\"206d5ef\" data-element_type=\"column\">\n\t\t\t<div class=\"elementor-widget-wrap elementor-element-populated\">\n\t\t\t\t\t\t\t\t<div class=\"elementor-element elementor-element-d46a076 elementor-widget elementor-widget-text-editor\" data-id=\"d46a076\" data-element_type=\"widget\" data-widget_type=\"text-editor.default\">\n\t\t\t\t<div class=\"elementor-widget-container\">\n\t\t\t\t\t<div class=\"elementor-text-editor elementor-clearfix\"><p>Fiche d&rsquo;inscription : <a href=\"https:\/\/medecinetao.com\/wp-content\/uploads\/2021\/09\/fiche-inscription-ateliersmeditation-21-22.pdf\">fiche inscription ateliers+meditation 21 22<\/a><\/p><\/div>\n\t\t\t\t<\/div>\n\t\t\t\t<\/div>\n\t\t\t\t\t<\/div>\n\t\t<\/div>\n\t\t\t\t\t\t\t<\/div>\n\t\t<\/section>\n\t\t\t\t<section class=\"elementor-section elementor-top-section elementor-element elementor-element-0fb225b elementor-section-boxed elementor-section-height-default elementor-section-height-default\" data-id=\"0fb225b\" data-element_type=\"section\">\n\t\t\t\t\t\t<div class=\"elementor-container elementor-column-gap-default\">\n\t\t\t\t\t<div class=\"elementor-column elementor-col-100 elementor-top-column elementor-element elementor-element-e83f6be\" data-id=\"e83f6be\" data-element_type=\"column\">\n\t\t\t<div class=\"elementor-widget-wrap elementor-element-populated\">\n\t\t\t\t\t\t\t\t<div class=\"elementor-element elementor-element-eda3e50 elementor-widget elementor-widget-shortcode\" data-id=\"eda3e50\" data-element_type=\"widget\" data-widget_type=\"shortcode.default\">\n\t\t\t\t<div class=\"elementor-widget-container\">\n\t\t\t\t\t<div class=\"elementor-shortcode\"><div role=\"form\" class=\"wpcf7\" id=\"wpcf7-f2544-o1\" lang=\"fr-FR\" dir=\"ltr\">\n<div class=\"screen-reader-response\"><p role=\"status\" aria-live=\"polite\" aria-atomic=\"true\"><\/p> <ul><\/ul><\/div>\n<form action=\"\/index.php?rest_route=%2Fwp%2Fv2%2Fpages%2F738#wpcf7-f2544-o1\" method=\"post\" class=\"wpcf7-form init\" novalidate=\"novalidate\" data-status=\"init\">\n<div style=\"display: none;\">\n<input type=\"hidden\" name=\"_wpcf7\" value=\"2544\" \/>\n<input type=\"hidden\" name=\"_wpcf7_version\" value=\"5.4.2\" \/>\n<input type=\"hidden\" name=\"_wpcf7_locale\" value=\"fr_FR\" \/>\n<input type=\"hidden\" name=\"_wpcf7_unit_tag\" value=\"wpcf7-f2544-o1\" \/>\n<input type=\"hidden\" name=\"_wpcf7_container_post\" value=\"0\" \/>\n<input type=\"hidden\" name=\"_wpcf7_posted_data_hash\" value=\"\" \/>\n<\/div>\n<p><label> Votre nom<br \/>\n    <span class=\"wpcf7-form-control-wrap your-name\"><input type=\"text\" name=\"your-name\" value=\"\" size=\"40\" class=\"wpcf7-form-control wpcf7-text wpcf7-validates-as-required\" aria-required=\"true\" aria-invalid=\"false\" \/><\/span> <\/label><\/p>\n<p><label> Votre e-mail<br \/>\n    <span class=\"wpcf7-form-control-wrap your-email\"><input type=\"email\" name=\"your-email\" value=\"\" size=\"40\" class=\"wpcf7-form-control wpcf7-text wpcf7-email wpcf7-validates-as-required wpcf7-validates-as-email\" aria-required=\"true\" aria-invalid=\"false\" \/><\/span> <\/label><\/p>\n<p><label> Objet<br \/>\n    <span class=\"wpcf7-form-control-wrap your-subject\"><input type=\"text\" name=\"your-subject\" value=\"\" size=\"40\" class=\"wpcf7-form-control wpcf7-text wpcf7-validates-as-required\" aria-required=\"true\" aria-invalid=\"false\" \/><\/span> <\/label><\/p>\n<p><label> Votre message (facultatif)<br \/>\n    <span class=\"wpcf7-form-control-wrap your-message\"><textarea name=\"your-message\" cols=\"40\" rows=\"10\" class=\"wpcf7-form-control wpcf7-textarea\" aria-invalid=\"false\"><\/textarea><\/span> <\/label><\/p>\n<p><input type=\"submit\" value=\"Envoyer\" class=\"wpcf7-form-control wpcf7-submit\" \/><\/p>\n<div class=\"wpcf7-response-output\" aria-hidden=\"true\"><\/div><\/form><\/div><\/div>\n\t\t\t\t<\/div>\n\t\t\t\t<\/div>\n\t\t\t\t\t<\/div>\n\t\t<\/div>\n\t\t\t\t\t\t\t<\/div>\n\t\t<\/section>\n\t\t\t\t\t\t<\/div>\n\t\t\t\t\t<\/div>\n\t\t","protected":false},"excerpt":{"rendered":"<p>Il existe diff\u00e9rentes voies menant \u00e0 la m\u00e9ditation. Dans les s\u00e9ances propos\u00e9es, la m\u00e9ditation est toujours pr\u00e9par\u00e9e, facilit\u00e9e, coh\u00e9rente et donc efficiente. Les s\u00e9ances, peuvent en fonction du contexte, \u00eatre orient\u00e9es vers des m\u00e9ditations avec &hellip; <\/p>\n","protected":false},"author":1,"featured_media":0,"parent":0,"menu_order":0,"comment_status":"closed","ping_status":"closed","template":"","meta":{"spay_email":"","_vp_format_video_url":"","_vp_image_focal_point":[],"footnotes":""},"class_list":["post-738","page","type-page","status-publish","hentry"],"yoast_head":"<!-- This site is optimized with the Yoast SEO plugin v16.9 - https:\/\/yoast.com\/wordpress\/plugins\/seo\/ -->\n<title>M\u00e9ditation : retrouver l&#039;\u00e9nergie, se re-cueillir pour une sant\u00e9, s\u00e9r\u00e9nit\u00e9.<\/title>\n<meta name=\"description\" content=\"M\u00e9ditation Chan. Une M\u00e9decine globale Calme\/C\u0153ur\/Esprit.Dissoudre les blocages, entrer dans la souplesse. Saint-Orens\/Toulouse, Caraman,Vaux.\" \/>\n<meta name=\"robots\" content=\"index, follow, max-snippet:-1, max-image-preview:large, max-video-preview:-1\" \/>\n<link rel=\"canonical\" href=\"https:\/\/medecinetao.com\/?page_id=738\" \/>\n<meta property=\"og:locale\" content=\"fr_FR\" \/>\n<meta property=\"og:type\" content=\"article\" \/>\n<meta property=\"og:title\" content=\"M\u00e9ditation : retrouver l&#039;\u00e9nergie, se re-cueillir pour une sant\u00e9, s\u00e9r\u00e9nit\u00e9.\" \/>\n<meta property=\"og:description\" content=\"M\u00e9ditation Chan. Une M\u00e9decine globale Calme\/C\u0153ur\/Esprit.Dissoudre les blocages, entrer dans la souplesse. Saint-Orens\/Toulouse, Caraman,Vaux.\" \/>\n<meta property=\"og:url\" content=\"https:\/\/medecinetao.com\/?page_id=738\" \/>\n<meta property=\"og:site_name\" content=\"M\u00e9decine \u00e9nerg\u00e9tique chinoise\" \/>\n<meta property=\"article:modified_time\" content=\"2025-02-23T08:09:56+00:00\" \/>\n<meta property=\"og:image\" content=\"https:\/\/medecinetao.com\/wp-content\/uploads\/2021\/02\/amanbagh-meditation-india-670x430-1-300x193.jpg\" \/>\n<meta name=\"twitter:card\" content=\"summary_large_image\" \/>\n<meta name=\"twitter:label1\" content=\"Dur\u00e9e de lecture est.\" \/>\n\t<meta name=\"twitter:data1\" content=\"1 minute\" \/>\n<script type=\"application\/ld+json\" class=\"yoast-schema-graph\">{\"@context\":\"https:\/\/schema.org\",\"@graph\":[{\"@type\":\"Organization\",\"@id\":\"https:\/\/medecinetao.com\/#organization\",\"name\":\"Les Cl\\u00e9s du Tao\",\"url\":\"https:\/\/medecinetao.com\/\",\"sameAs\":[\"https:\/\/www.linkedin.com\/in\/isabelle-cl\\u00e9ment-484409112\/?midToken=AQGkEo7fsMtjyg&amp;amp;amp;amp;amp;midSig=0uyVHNCD9q49U1&amp;amp;amp;amp;amp;trk=eml-email_pymk_02-header-38-profile&amp;amp;amp;amp;amp;trkEmail=eml-email_pymk_02-header-38-profile-null-7thois~kryvnqio~i5-null-neptune\/profile~vanity.view\"],\"logo\":{\"@type\":\"ImageObject\",\"@id\":\"https:\/\/medecinetao.com\/#logo\",\"inLanguage\":\"fr-FR\",\"url\":\"https:\/\/medecinetao.com\/wp-content\/uploads\/2021\/03\/Logo-web-Cles-du-tao-e1614953452127.png\",\"contentUrl\":\"https:\/\/medecinetao.com\/wp-content\/uploads\/2021\/03\/Logo-web-Cles-du-tao-e1614953452127.png\",\"width\":150,\"height\":153,\"caption\":\"Les Cl\\u00e9s du Tao\"},\"image\":{\"@id\":\"https:\/\/medecinetao.com\/#logo\"}},{\"@type\":\"WebSite\",\"@id\":\"https:\/\/medecinetao.com\/#website\",\"url\":\"https:\/\/medecinetao.com\/\",\"name\":\"M\\u00e9decine \\u00e9nerg\\u00e9tique chinoise\",\"description\":\"\",\"publisher\":{\"@id\":\"https:\/\/medecinetao.com\/#organization\"},\"potentialAction\":[{\"@type\":\"SearchAction\",\"target\":{\"@type\":\"EntryPoint\",\"urlTemplate\":\"https:\/\/medecinetao.com\/?s={search_term_string}\"},\"query-input\":\"required name=search_term_string\"}],\"inLanguage\":\"fr-FR\"},{\"@type\":\"ImageObject\",\"@id\":\"https:\/\/medecinetao.com\/?page_id=738#primaryimage\",\"inLanguage\":\"fr-FR\",\"url\":\"https:\/\/i0.wp.com\/medecinetao.com\/wp-content\/uploads\/2021\/02\/amanbagh-meditation-india-670x430-1.jpg?fit=670%2C430&ssl=1\",\"contentUrl\":\"https:\/\/i0.wp.com\/medecinetao.com\/wp-content\/uploads\/2021\/02\/amanbagh-meditation-india-670x430-1.jpg?fit=670%2C430&ssl=1\",\"width\":670,\"height\":430,\"caption\":\"Calmer le Coeur\/Esprit\"},{\"@type\":\"WebPage\",\"@id\":\"https:\/\/medecinetao.com\/?page_id=738#webpage\",\"url\":\"https:\/\/medecinetao.com\/?page_id=738\",\"name\":\"M\\u00e9ditation : retrouver l'\\u00e9nergie, se re-cueillir pour une sant\\u00e9, s\\u00e9r\\u00e9nit\\u00e9.\",\"isPartOf\":{\"@id\":\"https:\/\/medecinetao.com\/#website\"},\"primaryImageOfPage\":{\"@id\":\"https:\/\/medecinetao.com\/?page_id=738#primaryimage\"},\"datePublished\":\"2021-02-15T09:40:27+00:00\",\"dateModified\":\"2025-02-23T08:09:56+00:00\",\"description\":\"M\\u00e9ditation Chan. Une M\\u00e9decine globale Calme\/C\\u0153ur\/Esprit.Dissoudre les blocages, entrer dans la souplesse. Saint-Orens\/Toulouse, Caraman,Vaux.\",\"breadcrumb\":{\"@id\":\"https:\/\/medecinetao.com\/?page_id=738#breadcrumb\"},\"inLanguage\":\"fr-FR\",\"potentialAction\":[{\"@type\":\"ReadAction\",\"target\":[\"https:\/\/medecinetao.com\/?page_id=738\"]}]},{\"@type\":\"BreadcrumbList\",\"@id\":\"https:\/\/medecinetao.com\/?page_id=738#breadcrumb\",\"itemListElement\":[{\"@type\":\"ListItem\",\"position\":1,\"name\":\"Accueil\",\"item\":\"https:\/\/medecinetao.com\/\"},{\"@type\":\"ListItem\",\"position\":2,\"name\":\"Atelier m\\u00e9ditation\"}]}]}<\/script>\n<!-- \/ Yoast SEO plugin. -->","yoast_head_json":{"title":"M\u00e9ditation : retrouver l'\u00e9nergie, se re-cueillir pour une sant\u00e9, s\u00e9r\u00e9nit\u00e9.","description":"M\u00e9ditation Chan. Une M\u00e9decine globale Calme\/C\u0153ur\/Esprit.Dissoudre les blocages, entrer dans la souplesse. Saint-Orens\/Toulouse, Caraman,Vaux.","robots":{"index":"index","follow":"follow","max-snippet":"max-snippet:-1","max-image-preview":"max-image-preview:large","max-video-preview":"max-video-preview:-1"},"canonical":"https:\/\/medecinetao.com\/?page_id=738","og_locale":"fr_FR","og_type":"article","og_title":"M\u00e9ditation : retrouver l'\u00e9nergie, se re-cueillir pour une sant\u00e9, s\u00e9r\u00e9nit\u00e9.","og_description":"M\u00e9ditation Chan. Une M\u00e9decine globale Calme\/C\u0153ur\/Esprit.Dissoudre les blocages, entrer dans la souplesse. Saint-Orens\/Toulouse, Caraman,Vaux.","og_url":"https:\/\/medecinetao.com\/?page_id=738","og_site_name":"M\u00e9decine \u00e9nerg\u00e9tique chinoise","article_modified_time":"2025-02-23T08:09:56+00:00","og_image":[{"url":"https:\/\/medecinetao.com\/wp-content\/uploads\/2021\/02\/amanbagh-meditation-india-670x430-1-300x193.jpg"}],"twitter_card":"summary_large_image","twitter_misc":{"Dur\u00e9e de lecture est.":"1 minute"},"schema":{"@context":"https:\/\/schema.org","@graph":[{"@type":"Organization","@id":"https:\/\/medecinetao.com\/#organization","name":"Les Cl\u00e9s du Tao","url":"https:\/\/medecinetao.com\/","sameAs":["https:\/\/www.linkedin.com\/in\/isabelle-cl\u00e9ment-484409112\/?midToken=AQGkEo7fsMtjyg&amp;amp;amp;amp;amp;midSig=0uyVHNCD9q49U1&amp;amp;amp;amp;amp;trk=eml-email_pymk_02-header-38-profile&amp;amp;amp;amp;amp;trkEmail=eml-email_pymk_02-header-38-profile-null-7thois~kryvnqio~i5-null-neptune\/profile~vanity.view"],"logo":{"@type":"ImageObject","@id":"https:\/\/medecinetao.com\/#logo","inLanguage":"fr-FR","url":"https:\/\/medecinetao.com\/wp-content\/uploads\/2021\/03\/Logo-web-Cles-du-tao-e1614953452127.png","contentUrl":"https:\/\/medecinetao.com\/wp-content\/uploads\/2021\/03\/Logo-web-Cles-du-tao-e1614953452127.png","width":150,"height":153,"caption":"Les Cl\u00e9s du Tao"},"image":{"@id":"https:\/\/medecinetao.com\/#logo"}},{"@type":"WebSite","@id":"https:\/\/medecinetao.com\/#website","url":"https:\/\/medecinetao.com\/","name":"M\u00e9decine \u00e9nerg\u00e9tique chinoise","description":"","publisher":{"@id":"https:\/\/medecinetao.com\/#organization"},"potentialAction":[{"@type":"SearchAction","target":{"@type":"EntryPoint","urlTemplate":"https:\/\/medecinetao.com\/?s={search_term_string}"},"query-input":"required name=search_term_string"}],"inLanguage":"fr-FR"},{"@type":"ImageObject","@id":"https:\/\/medecinetao.com\/?page_id=738#primaryimage","inLanguage":"fr-FR","url":"https:\/\/i0.wp.com\/medecinetao.com\/wp-content\/uploads\/2021\/02\/amanbagh-meditation-india-670x430-1.jpg?fit=670%2C430&ssl=1","contentUrl":"https:\/\/i0.wp.com\/medecinetao.com\/wp-content\/uploads\/2021\/02\/amanbagh-meditation-india-670x430-1.jpg?fit=670%2C430&ssl=1","width":670,"height":430,"caption":"Calmer le Coeur\/Esprit"},{"@type":"WebPage","@id":"https:\/\/medecinetao.com\/?page_id=738#webpage","url":"https:\/\/medecinetao.com\/?page_id=738","name":"M\u00e9ditation : retrouver l'\u00e9nergie, se re-cueillir pour une sant\u00e9, s\u00e9r\u00e9nit\u00e9.","isPartOf":{"@id":"https:\/\/medecinetao.com\/#website"},"primaryImageOfPage":{"@id":"https:\/\/medecinetao.com\/?page_id=738#primaryimage"},"datePublished":"2021-02-15T09:40:27+00:00","dateModified":"2025-02-23T08:09:56+00:00","description":"M\u00e9ditation Chan. Une M\u00e9decine globale Calme\/C\u0153ur\/Esprit.Dissoudre les blocages, entrer dans la souplesse. Saint-Orens\/Toulouse, Caraman,Vaux.","breadcrumb":{"@id":"https:\/\/medecinetao.com\/?page_id=738#breadcrumb"},"inLanguage":"fr-FR","potentialAction":[{"@type":"ReadAction","target":["https:\/\/medecinetao.com\/?page_id=738"]}]},{"@type":"BreadcrumbList","@id":"https:\/\/medecinetao.com\/?page_id=738#breadcrumb","itemListElement":[{"@type":"ListItem","position":1,"name":"Accueil","item":"https:\/\/medecinetao.com\/"},{"@type":"ListItem","position":2,"name":"Atelier m\u00e9ditation"}]}]}},"_links":{"self":[{"href":"https:\/\/medecinetao.com\/index.php?rest_route=\/wp\/v2\/pages\/738","targetHints":{"allow":["GET"]}}],"collection":[{"href":"https:\/\/medecinetao.com\/index.php?rest_route=\/wp\/v2\/pages"}],"about":[{"href":"https:\/\/medecinetao.com\/index.php?rest_route=\/wp\/v2\/types\/page"}],"author":[{"embeddable":true,"href":"https:\/\/medecinetao.com\/index.php?rest_route=\/wp\/v2\/users\/1"}],"replies":[{"embeddable":true,"href":"https:\/\/medecinetao.com\/index.php?rest_route=%2Fwp%2Fv2%2Fcomments&post=738"}],"version-history":[{"count":123,"href":"https:\/\/medecinetao.com\/index.php?rest_route=\/wp\/v2\/pages\/738\/revisions"}],"predecessor-version":[{"id":5626,"href":"https:\/\/medecinetao.com\/index.php?rest_route=\/wp\/v2\/pages\/738\/revisions\/5626"}],"wp:attachment":[{"href":"https:\/\/medecinetao.com\/index.php?rest_route=%2Fwp%2Fv2%2Fmedia&parent=738"}],"curies":[{"name":"wp","href":"https:\/\/api.w.org\/{rel}","templated":true}]}}